{"id":1154,"date":"2026-04-27T11:50:23","date_gmt":"2026-04-27T11:50:23","guid":{"rendered":"https:\/\/sancuscapital.es\/?page_id=1154"},"modified":"2026-04-27T12:04:09","modified_gmt":"2026-04-27T12:04:09","slug":"sostenibilidad","status":"publish","type":"page","link":"https:\/\/sancuscapital.es\/en\/sostenibilidad\/","title":{"rendered":"Sostenibilidad"},"content":{"rendered":"<h2>Compromiso con la Inversi\u00f3n Sostenible<\/h2>\n<p data-path-to-node=\"3\">En <b data-path-to-node=\"3\" data-index-in-node=\"3\">Sancus Capital<\/b>, gestionamos activos que impulsan la transici\u00f3n ecol\u00f3gica y el impacto social, bajo los m\u00e1s altos est\u00e1ndares de transparencia del Reglamento (UE) 2019\/2088 (SFDR).<\/p>\n<h3 data-path-to-node=\"4\">Nuestros Veh\u00edculos de Inversi\u00f3n (Cierre 2025)<\/h3>\n<ul data-path-to-node=\"5\">\n<li>\n<p id=\"p-rc_7cb1200cb44b4c52-19\" data-path-to-node=\"5,0,0\"><span data-path-to-node=\"5,0,0,0\"><b data-path-to-node=\"5,0,0,0\" data-index-in-node=\"0\">Sancus Green Investments I y II (Art. 9):<\/b> Inversi\u00f3n en energ\u00eda solar fotovoltaica. <\/span><span data-path-to-node=\"5,0,0,2\"><span class=\"citation-11\">El <\/span><b data-path-to-node=\"5,0,0,2\" data-index-in-node=\"3\"><span class=\"citation-11\">100%<\/span><\/b><span class=\"citation-11\"> de su actividad est\u00e1 alineada con la <\/span><b data-path-to-node=\"5,0,0,2\" data-index-in-node=\"45\"><span class=\"citation-11\">Taxonom\u00eda de la UE<\/span><\/b><\/span><span data-path-to-node=\"5,0,0,4\">.<\/span><\/p>\n<\/li>\n<li>\n<p id=\"p-rc_7cb1200cb44b4c52-20\" data-path-to-node=\"5,1,0\"><span data-path-to-node=\"5,1,0,0\"><b data-path-to-node=\"5,1,0,0\" data-index-in-node=\"0\">Decelera Ventures I (Art. 8):<\/b> Promoci\u00f3n de startups tecnol\u00f3gicas. <\/span><span data-path-to-node=\"5,1,0,2\"><span class=\"citation-10\">El <\/span><b data-path-to-node=\"5,1,0,2\" data-index-in-node=\"3\"><span class=\"citation-10\">70%<\/span><\/b><span class=\"citation-10\"> de la cartera se dedica a soluciones de descarbonizaci\u00f3n, salud y econom\u00eda circular<\/span><\/span><span data-path-to-node=\"5,1,0,4\">.<\/span><\/p>\n<\/li>\n<li>\n<p id=\"p-rc_7cb1200cb44b4c52-21\" data-path-to-node=\"5,2,1\"><span data-path-to-node=\"5,2,1,0\"><b data-path-to-node=\"5,2,1,0\" data-index-in-node=\"0\"><span class=\"citation-9\">Impacto y Gobernanza:<\/span><\/b><span class=\"citation-9\"> Monitorizamos activamente las incidencias adversas (PIAs) y seguimos las <\/span><b data-path-to-node=\"5,2,1,0\" data-index-in-node=\"95\"><span class=\"citation-9\">L\u00edneas Directrices de la OCDE<\/span><\/b><span class=\"citation-9\"> para asegurar un crecimiento responsable<\/span><\/span><span data-path-to-node=\"5,2,1,2\">.<\/span><\/p>\n<\/li>\n<\/ul>\n\t\t<div data-elementor-type=\"container\" data-elementor-id=\"1157\" class=\"elementor elementor-1157\" data-elementor-post-type=\"elementor_library\">\n\t\t\t\t<div class=\"elementor-element elementor-element-c93b2ef e-flex e-con-boxed e-con e-parent\" data-id=\"c93b2ef\" data-element_type=\"container\" data-settings=\"{&quot;jet_parallax_layout_list&quot;:[]}\">\n\t\t\t\t\t<div class=\"e-con-inner\">\n\t\t\t\t<div class=\"elementor-element elementor-element-9207d37 elementor-widget elementor-widget-heading\" data-id=\"9207d37\" data-element_type=\"widget\" data-widget_type=\"heading.default\">\n\t\t\t\t\t<h3 class=\"elementor-heading-title elementor-size-default\">Documentos relativos a Sancus Capital<\/h3>\t\t\t\t<\/div>\n\t\t\t\t<div class=\"elementor-element elementor-element-6e27a8d elementor-widget elementor-widget-heading\" data-id=\"6e27a8d\" data-element_type=\"widget\" data-widget_type=\"heading.default\">\n\t\t\t\t\t<p class=\"elementor-heading-title elementor-size-default\">Anexo V Sancus Capital SCRI VF - 2025<\/p>\t\t\t\t<\/div>\n\t\t\t\t<div class=\"elementor-element elementor-element-c83283a elementor-widget elementor-widget-bae-pdf-native-embedder\" data-id=\"c83283a\" data-element_type=\"widget\" data-widget_type=\"bae-pdf-native-embedder.default\">\n\t\t\t\t<div class=\"elementor-widget-container\">\n\t\t\t\t\t\t\t<div class =\"native_style\">\r\n\t\t\t     \t\t<div class=\"download\">\r\n\t\t\t\t\t\t\t<\/div>\r\n\t\t<\/div>\r\n\t\t\t\t<div class=\"my_native\">\r\n\t\t\t<iframe src=\"https:\/\/sancuscapital.es\/wp-content\/uploads\/2026\/04\/2025_Anexo-V_Sancus_Capital_SCRI_VF.pdf\"><\/iframe>\r\n\t\t<\/div>\r\n\t\t\t\t\t<\/div>\n\t\t\t\t<\/div>\n\t\t\t\t<div class=\"elementor-element elementor-element-5d14dcc elementor-widget elementor-widget-bae-pdf-native-embedder\" data-id=\"5d14dcc\" data-element_type=\"widget\" data-widget_type=\"bae-pdf-native-embedder.default\">\n\t\t\t\t<div class=\"elementor-widget-container\">\n\t\t\t\t\t\t\t<div class =\"native_style\">\r\n\t\t\t     \t\t<div class=\"download\">\r\n\t\t\t\t\t\t\t<\/div>\r\n\t\t<\/div>\r\n\t\t\t\t<div class=\"my_native\">\r\n\t\t\t<iframe src=\"https:\/\/sancuscapital.es\/wp-content\/uploads\/2026\/04\/2025_Anexo-V_Sancus_Capital_SCRII_VF.pdf\"><\/iframe>\r\n\t\t<\/div>\r\n\t\t\t\t\t<\/div>\n\t\t\t\t<\/div>\n\t\t\t\t<div class=\"elementor-element elementor-element-b81f529 elementor-widget elementor-widget-bae-pdf-native-embedder\" data-id=\"b81f529\" data-element_type=\"widget\" data-widget_type=\"bae-pdf-native-embedder.default\">\n\t\t\t\t<div class=\"elementor-widget-container\">\n\t\t\t\t\t\t\t<div class =\"native_style\">\r\n\t\t\t     \t\t<div class=\"download\">\r\n\t\t\t\t\t\t\t<\/div>\r\n\t\t<\/div>\r\n\t\t\t\t<div class=\"my_native\">\r\n\t\t\t<iframe src=\"https:\/\/sancuscapital.es\/wp-content\/uploads\/2026\/04\/2025_PIAS-Sancus_VF.pdf\"><\/iframe>\r\n\t\t<\/div>\r\n\t\t\t\t\t<\/div>\n\t\t\t\t<\/div>\n\t\t\t\t<div class=\"elementor-element elementor-element-7cea3da elementor-widget elementor-widget-heading\" data-id=\"7cea3da\" data-element_type=\"widget\" data-widget_type=\"heading.default\">\n\t\t\t\t\t<h3 class=\"elementor-heading-title elementor-size-default\">Documentos relativos a Decelera Ventures<\/h3>\t\t\t\t<\/div>\n\t\t\t\t<div class=\"elementor-element elementor-element-e7bada9 elementor-widget elementor-widget-heading\" data-id=\"e7bada9\" data-element_type=\"widget\" data-widget_type=\"heading.default\">\n\t\t\t\t\t<p class=\"elementor-heading-title elementor-size-default\">Anexo IV Decelera Ventures I FCR VF - 2025<\/p>\t\t\t\t<\/div>\n\t\t\t\t<div class=\"elementor-element elementor-element-0fbf8c1 elementor-widget elementor-widget-bae-pdf-native-embedder\" data-id=\"0fbf8c1\" data-element_type=\"widget\" data-widget_type=\"bae-pdf-native-embedder.default\">\n\t\t\t\t<div class=\"elementor-widget-container\">\n\t\t\t\t\t\t\t<div class =\"native_style\">\r\n\t\t\t     \t\t<div class=\"download\">\r\n\t\t\t\t\t\t\t<\/div>\r\n\t\t<\/div>\r\n\t\t\t\t<div class=\"my_native\">\r\n\t\t\t<iframe src=\"https:\/\/sancuscapital.es\/wp-content\/uploads\/2026\/04\/2025_Anexo-IV_Decelera-Ventures-I-FCR_VF.pdf\"><\/iframe>\r\n\t\t<\/div>\r\n\t\t\t\t\t<\/div>\n\t\t\t\t<\/div>\n\t\t\t\t\t<\/div>\n\t\t\t\t<\/div>\n\t\t\t\t<\/div>","protected":false},"excerpt":{"rendered":"<p>Compromiso con la Inversi\u00f3n Sostenible En Sancus Capital, gestionamos activos que impulsan la transici\u00f3n ecol\u00f3gica y el impacto social, bajo los m\u00e1s altos est\u00e1ndares de transparencia del Reglamento (UE) 2019\/2088 (SFDR). Nuestros Veh\u00edculos de Inversi\u00f3n (Cierre 2025) Sancus Green Investments I y II (Art. 9): Inversi\u00f3n en energ\u00eda solar fotovoltaica. El 100% de su actividad [&hellip;]<\/p>","protected":false},"author":2,"featured_media":0,"parent":0,"menu_order":0,"comment_status":"closed","ping_status":"closed","template":"","meta":{"_acf_changed":false,"iawp_total_views":3,"footnotes":""},"categoria":[4],"class_list":["post-1154","page","type-page","status-publish","hentry","categoria-gdpr"],"acf":[],"_links":{"self":[{"href":"https:\/\/sancuscapital.es\/en\/wp-json\/wp\/v2\/pages\/1154","targetHints":{"allow":["GET"]}}],"collection":[{"href":"https:\/\/sancuscapital.es\/en\/wp-json\/wp\/v2\/pages"}],"about":[{"href":"https:\/\/sancuscapital.es\/en\/wp-json\/wp\/v2\/types\/page"}],"author":[{"embeddable":true,"href":"https:\/\/sancuscapital.es\/en\/wp-json\/wp\/v2\/users\/2"}],"replies":[{"embeddable":true,"href":"https:\/\/sancuscapital.es\/en\/wp-json\/wp\/v2\/comments?post=1154"}],"version-history":[{"count":0,"href":"https:\/\/sancuscapital.es\/en\/wp-json\/wp\/v2\/pages\/1154\/revisions"}],"wp:attachment":[{"href":"https:\/\/sancuscapital.es\/en\/wp-json\/wp\/v2\/media?parent=1154"}],"wp:term":[{"taxonomy":"categoria","embeddable":true,"href":"https:\/\/sancuscapital.es\/en\/wp-json\/wp\/v2\/categoria?post=1154"}],"curies":[{"name":"wp","href":"https:\/\/api.w.org\/{rel}","templated":true}]}}